{"id":1552,"date":"2020-09-13T15:45:54","date_gmt":"2020-09-13T13:45:54","guid":{"rendered":"https:\/\/www.frenchtruc.com\/?page_id=1552"},"modified":"2026-01-05T18:53:25","modified_gmt":"2026-01-05T17:53:25","slug":"jarforetum-est-sur-tipeee","status":"publish","type":"page","link":"https:\/\/jarforetum.com\/Accueil\/jardin-urbain-selon-urban-french-garden\/jarforetum-est-sur-tipeee\/","title":{"rendered":"Jarforetum est sur Tipeee"},"content":{"rendered":"\n<p class=\"has-text-align-center has-primary-color has-text-color has-link-color wp-elements-5420796fa22f556df52ec1474a6e38cc\"><a href=\"https:\/\/fr.tipeee.com\/jarforetum\"><strong>https:\/\/fr.tipeee.com\/jarforetum<\/strong><\/a><\/p>\n","protected":false},"excerpt":{"rendered":"<p>https:\/\/fr.tipeee.com\/jarforetum<\/p>\n","protected":false},"author":1,"featured_media":2122,"parent":76,"menu_order":0,"comment_status":"closed","ping_status":"closed","template":"modele-jarfo-2","meta":{"footnotes":""},"class_list":["post-1552","page","type-page","status-publish","has-post-thumbnail","hentry"],"yoast_head":"<!-- This site is optimized with the Yoast SEO plugin v27.1.1 - https:\/\/yoast.com\/product\/yoast-seo-wordpress\/ -->\n<title>Jarforetum est sur Tipeee - Jarforetum<\/title>\n<meta name=\"description\" content=\"Soutenez Jarforetum sur Tipeee ! Aidez-nous \u00e0 partager librement nos conseils en jardin-for\u00eat, nos retours d&#039;exp\u00e9rience et \u00e0 d\u00e9velopper des outils pour l&#039;autonomie de tous.\" \/>\n<meta name=\"robots\" content=\"index, follow, max-snippet:-1, max-image-preview:large, max-video-preview:-1\" \/>\n<link rel=\"canonical\" href=\"https:\/\/jarforetum.com\/Accueil\/jardin-urbain-selon-urban-french-garden\/jarforetum-est-sur-tipeee\/\" \/>\n<meta property=\"og:locale\" content=\"fr_FR\" \/>\n<meta property=\"og:type\" content=\"article\" \/>\n<meta property=\"og:title\" content=\"Jarforetum est sur Tipeee - Jarforetum\" \/>\n<meta property=\"og:description\" content=\"Soutenez Jarforetum sur Tipeee ! Aidez-nous \u00e0 partager librement nos conseils en jardin-for\u00eat, nos retours d&#039;exp\u00e9rience et \u00e0 d\u00e9velopper des outils pour l&#039;autonomie de tous.\" \/>\n<meta property=\"og:url\" content=\"https:\/\/jarforetum.com\/Accueil\/jardin-urbain-selon-urban-french-garden\/jarforetum-est-sur-tipeee\/\" \/>\n<meta property=\"og:site_name\" content=\"Jarforetum\" \/>\n<meta property=\"article:publisher\" content=\"https:\/\/www.facebook.com\/share\/1CDBWqzXhP\/?mibextid=wwXIfr\" \/>\n<meta property=\"article:modified_time\" content=\"2026-01-05T17:53:25+00:00\" \/>\n<meta property=\"og:image\" content=\"https:\/\/jarforetum.com\/wp-content\/uploads\/2025\/12\/Capture-decran-2025-12-16-a-19.18.59.png\" \/>\n\t<meta property=\"og:image:width\" content=\"751\" \/>\n\t<meta property=\"og:image:height\" content=\"992\" \/>\n\t<meta property=\"og:image:type\" content=\"image\/png\" \/>\n<meta name=\"twitter:card\" content=\"summary_large_image\" \/>\n<meta name=\"twitter:label1\" content=\"Dur\u00e9e de lecture estim\u00e9e\" \/>\n\t<meta name=\"twitter:data1\" content=\"1 minute\" \/>\n<script type=\"application\/ld+json\" class=\"yoast-schema-graph\">{\"@context\":\"https:\/\/schema.org\",\"@graph\":[{\"@type\":\"WebPage\",\"@id\":\"https:\/\/jarforetum.com\/Accueil\/jardin-urbain-selon-urban-french-garden\/jarforetum-est-sur-tipeee\/\",\"url\":\"https:\/\/jarforetum.com\/Accueil\/jardin-urbain-selon-urban-french-garden\/jarforetum-est-sur-tipeee\/\",\"name\":\"Jarforetum est sur Tipeee - Jarforetum\",\"isPartOf\":{\"@id\":\"https:\/\/jarforetum.com\/Accueil\/#website\"},\"primaryImageOfPage\":{\"@id\":\"https:\/\/jarforetum.com\/Accueil\/jardin-urbain-selon-urban-french-garden\/jarforetum-est-sur-tipeee\/#primaryimage\"},\"image\":{\"@id\":\"https:\/\/jarforetum.com\/Accueil\/jardin-urbain-selon-urban-french-garden\/jarforetum-est-sur-tipeee\/#primaryimage\"},\"thumbnailUrl\":\"https:\/\/jarforetum.com\/wp-content\/uploads\/2025\/12\/Capture-decran-2025-12-16-a-19.18.59.png\",\"datePublished\":\"2020-09-13T13:45:54+00:00\",\"dateModified\":\"2026-01-05T17:53:25+00:00\",\"description\":\"Soutenez Jarforetum sur Tipeee ! Aidez-nous \u00e0 partager librement nos conseils en jardin-for\u00eat, nos retours d'exp\u00e9rience et \u00e0 d\u00e9velopper des outils pour l'autonomie de tous.\",\"breadcrumb\":{\"@id\":\"https:\/\/jarforetum.com\/Accueil\/jardin-urbain-selon-urban-french-garden\/jarforetum-est-sur-tipeee\/#breadcrumb\"},\"inLanguage\":\"fr-FR\",\"potentialAction\":[{\"@type\":\"ReadAction\",\"target\":[\"https:\/\/jarforetum.com\/Accueil\/jardin-urbain-selon-urban-french-garden\/jarforetum-est-sur-tipeee\/\"]}]},{\"@type\":\"ImageObject\",\"inLanguage\":\"fr-FR\",\"@id\":\"https:\/\/jarforetum.com\/Accueil\/jardin-urbain-selon-urban-french-garden\/jarforetum-est-sur-tipeee\/#primaryimage\",\"url\":\"https:\/\/jarforetum.com\/wp-content\/uploads\/2025\/12\/Capture-decran-2025-12-16-a-19.18.59.png\",\"contentUrl\":\"https:\/\/jarforetum.com\/wp-content\/uploads\/2025\/12\/Capture-decran-2025-12-16-a-19.18.59.png\",\"width\":751,\"height\":992},{\"@type\":\"BreadcrumbList\",\"@id\":\"https:\/\/jarforetum.com\/Accueil\/jardin-urbain-selon-urban-french-garden\/jarforetum-est-sur-tipeee\/#breadcrumb\",\"itemListElement\":[{\"@type\":\"ListItem\",\"position\":1,\"name\":\"Accueil\",\"item\":\"https:\/\/jarforetum.com\/Accueil\/\"},{\"@type\":\"ListItem\",\"position\":2,\"name\":\"Priv\u00e9\u00a0: A propos de Jarforetum\",\"item\":\"https:\/\/jarforetum.com\/Accueil\/jardin-urbain-selon-urban-french-garden\/\"},{\"@type\":\"ListItem\",\"position\":3,\"name\":\"Jarforetum est sur Tipeee\"}]},{\"@type\":\"WebSite\",\"@id\":\"https:\/\/jarforetum.com\/Accueil\/#website\",\"url\":\"https:\/\/jarforetum.com\/Accueil\/\",\"name\":\"Jarforetum\",\"description\":\"Sunt Plantae Silvestres Omnibus\",\"publisher\":{\"@id\":\"https:\/\/jarforetum.com\/Accueil\/#organization\"},\"alternateName\":\"UFG\",\"potentialAction\":[{\"@type\":\"SearchAction\",\"target\":{\"@type\":\"EntryPoint\",\"urlTemplate\":\"https:\/\/jarforetum.com\/Accueil\/?s={search_term_string}\"},\"query-input\":{\"@type\":\"PropertyValueSpecification\",\"valueRequired\":true,\"valueName\":\"search_term_string\"}}],\"inLanguage\":\"fr-FR\"},{\"@type\":\"Organization\",\"@id\":\"https:\/\/jarforetum.com\/Accueil\/#organization\",\"name\":\"Jarforetum\",\"url\":\"https:\/\/jarforetum.com\/Accueil\/\",\"logo\":{\"@type\":\"ImageObject\",\"inLanguage\":\"fr-FR\",\"@id\":\"https:\/\/jarforetum.com\/Accueil\/#\/schema\/logo\/image\/\",\"url\":\"https:\/\/jarforetum.com\/wp-content\/uploads\/2025\/12\/IMG_3531.jpeg\",\"contentUrl\":\"https:\/\/jarforetum.com\/wp-content\/uploads\/2025\/12\/IMG_3531.jpeg\",\"width\":1170,\"height\":1176,\"caption\":\"Jarforetum\"},\"image\":{\"@id\":\"https:\/\/jarforetum.com\/Accueil\/#\/schema\/logo\/image\/\"},\"sameAs\":[\"https:\/\/www.facebook.com\/share\/1CDBWqzXhP\/?mibextid=wwXIfr\",\"https:\/\/www.instagram.com\/jarforetum?igsh=cjNjN3ozdnU2a3c1&utm_source=qr\",\"https:\/\/youtube.com\/@jarforetum?si=zpGdRhhAcLoRZvvR\"]}]}<\/script>\n<!-- \/ Yoast SEO plugin. -->","yoast_head_json":{"title":"Jarforetum est sur Tipeee - Jarforetum","description":"Soutenez Jarforetum sur Tipeee ! Aidez-nous \u00e0 partager librement nos conseils en jardin-for\u00eat, nos retours d'exp\u00e9rience et \u00e0 d\u00e9velopper des outils pour l'autonomie de tous.","robots":{"index":"index","follow":"follow","max-snippet":"max-snippet:-1","max-image-preview":"max-image-preview:large","max-video-preview":"max-video-preview:-1"},"canonical":"https:\/\/jarforetum.com\/Accueil\/jardin-urbain-selon-urban-french-garden\/jarforetum-est-sur-tipeee\/","og_locale":"fr_FR","og_type":"article","og_title":"Jarforetum est sur Tipeee - Jarforetum","og_description":"Soutenez Jarforetum sur Tipeee ! Aidez-nous \u00e0 partager librement nos conseils en jardin-for\u00eat, nos retours d'exp\u00e9rience et \u00e0 d\u00e9velopper des outils pour l'autonomie de tous.","og_url":"https:\/\/jarforetum.com\/Accueil\/jardin-urbain-selon-urban-french-garden\/jarforetum-est-sur-tipeee\/","og_site_name":"Jarforetum","article_publisher":"https:\/\/www.facebook.com\/share\/1CDBWqzXhP\/?mibextid=wwXIfr","article_modified_time":"2026-01-05T17:53:25+00:00","og_image":[{"width":751,"height":992,"url":"https:\/\/jarforetum.com\/wp-content\/uploads\/2025\/12\/Capture-decran-2025-12-16-a-19.18.59.png","type":"image\/png"}],"twitter_card":"summary_large_image","twitter_misc":{"Dur\u00e9e de lecture estim\u00e9e":"1 minute"},"schema":{"@context":"https:\/\/schema.org","@graph":[{"@type":"WebPage","@id":"https:\/\/jarforetum.com\/Accueil\/jardin-urbain-selon-urban-french-garden\/jarforetum-est-sur-tipeee\/","url":"https:\/\/jarforetum.com\/Accueil\/jardin-urbain-selon-urban-french-garden\/jarforetum-est-sur-tipeee\/","name":"Jarforetum est sur Tipeee - Jarforetum","isPartOf":{"@id":"https:\/\/jarforetum.com\/Accueil\/#website"},"primaryImageOfPage":{"@id":"https:\/\/jarforetum.com\/Accueil\/jardin-urbain-selon-urban-french-garden\/jarforetum-est-sur-tipeee\/#primaryimage"},"image":{"@id":"https:\/\/jarforetum.com\/Accueil\/jardin-urbain-selon-urban-french-garden\/jarforetum-est-sur-tipeee\/#primaryimage"},"thumbnailUrl":"https:\/\/jarforetum.com\/wp-content\/uploads\/2025\/12\/Capture-decran-2025-12-16-a-19.18.59.png","datePublished":"2020-09-13T13:45:54+00:00","dateModified":"2026-01-05T17:53:25+00:00","description":"Soutenez Jarforetum sur Tipeee ! Aidez-nous \u00e0 partager librement nos conseils en jardin-for\u00eat, nos retours d'exp\u00e9rience et \u00e0 d\u00e9velopper des outils pour l'autonomie de tous.","breadcrumb":{"@id":"https:\/\/jarforetum.com\/Accueil\/jardin-urbain-selon-urban-french-garden\/jarforetum-est-sur-tipeee\/#breadcrumb"},"inLanguage":"fr-FR","potentialAction":[{"@type":"ReadAction","target":["https:\/\/jarforetum.com\/Accueil\/jardin-urbain-selon-urban-french-garden\/jarforetum-est-sur-tipeee\/"]}]},{"@type":"ImageObject","inLanguage":"fr-FR","@id":"https:\/\/jarforetum.com\/Accueil\/jardin-urbain-selon-urban-french-garden\/jarforetum-est-sur-tipeee\/#primaryimage","url":"https:\/\/jarforetum.com\/wp-content\/uploads\/2025\/12\/Capture-decran-2025-12-16-a-19.18.59.png","contentUrl":"https:\/\/jarforetum.com\/wp-content\/uploads\/2025\/12\/Capture-decran-2025-12-16-a-19.18.59.png","width":751,"height":992},{"@type":"BreadcrumbList","@id":"https:\/\/jarforetum.com\/Accueil\/jardin-urbain-selon-urban-french-garden\/jarforetum-est-sur-tipeee\/#breadcrumb","itemListElement":[{"@type":"ListItem","position":1,"name":"Accueil","item":"https:\/\/jarforetum.com\/Accueil\/"},{"@type":"ListItem","position":2,"name":"Priv\u00e9\u00a0: A propos de Jarforetum","item":"https:\/\/jarforetum.com\/Accueil\/jardin-urbain-selon-urban-french-garden\/"},{"@type":"ListItem","position":3,"name":"Jarforetum est sur Tipeee"}]},{"@type":"WebSite","@id":"https:\/\/jarforetum.com\/Accueil\/#website","url":"https:\/\/jarforetum.com\/Accueil\/","name":"Jarforetum","description":"Sunt Plantae Silvestres Omnibus","publisher":{"@id":"https:\/\/jarforetum.com\/Accueil\/#organization"},"alternateName":"UFG","potentialAction":[{"@type":"SearchAction","target":{"@type":"EntryPoint","urlTemplate":"https:\/\/jarforetum.com\/Accueil\/?s={search_term_string}"},"query-input":{"@type":"PropertyValueSpecification","valueRequired":true,"valueName":"search_term_string"}}],"inLanguage":"fr-FR"},{"@type":"Organization","@id":"https:\/\/jarforetum.com\/Accueil\/#organization","name":"Jarforetum","url":"https:\/\/jarforetum.com\/Accueil\/","logo":{"@type":"ImageObject","inLanguage":"fr-FR","@id":"https:\/\/jarforetum.com\/Accueil\/#\/schema\/logo\/image\/","url":"https:\/\/jarforetum.com\/wp-content\/uploads\/2025\/12\/IMG_3531.jpeg","contentUrl":"https:\/\/jarforetum.com\/wp-content\/uploads\/2025\/12\/IMG_3531.jpeg","width":1170,"height":1176,"caption":"Jarforetum"},"image":{"@id":"https:\/\/jarforetum.com\/Accueil\/#\/schema\/logo\/image\/"},"sameAs":["https:\/\/www.facebook.com\/share\/1CDBWqzXhP\/?mibextid=wwXIfr","https:\/\/www.instagram.com\/jarforetum?igsh=cjNjN3ozdnU2a3c1&utm_source=qr","https:\/\/youtube.com\/@jarforetum?si=zpGdRhhAcLoRZvvR"]}]}},"featured_media_urls":{"thumbnail":["https:\/\/jarforetum.com\/wp-content\/uploads\/2025\/12\/Capture-decran-2025-12-16-a-19.18.59-150x150.png",150,150,true],"medium":["https:\/\/jarforetum.com\/wp-content\/uploads\/2025\/12\/Capture-decran-2025-12-16-a-19.18.59-227x300.png",227,300,true],"medium_large":["https:\/\/jarforetum.com\/wp-content\/uploads\/2025\/12\/Capture-decran-2025-12-16-a-19.18.59.png",751,992,false],"large":["https:\/\/jarforetum.com\/wp-content\/uploads\/2025\/12\/Capture-decran-2025-12-16-a-19.18.59.png",751,992,false],"1536x1536":["https:\/\/jarforetum.com\/wp-content\/uploads\/2025\/12\/Capture-decran-2025-12-16-a-19.18.59.png",751,992,false],"2048x2048":["https:\/\/jarforetum.com\/wp-content\/uploads\/2025\/12\/Capture-decran-2025-12-16-a-19.18.59.png",751,992,false],"portfolio_item-thumbnail":["https:\/\/jarforetum.com\/wp-content\/uploads\/2025\/12\/Capture-decran-2025-12-16-a-19.18.59-600x400.png",600,400,true],"portfolio_item-thumbnail@2x":["https:\/\/jarforetum.com\/wp-content\/uploads\/2025\/12\/Capture-decran-2025-12-16-a-19.18.59-751x800.png",751,800,true],"portfolio_item-masonry":["https:\/\/jarforetum.com\/wp-content\/uploads\/2025\/12\/Capture-decran-2025-12-16-a-19.18.59-600x793.png",600,793,true],"portfolio_item-masonry@2x":["https:\/\/jarforetum.com\/wp-content\/uploads\/2025\/12\/Capture-decran-2025-12-16-a-19.18.59.png",751,992,false],"portfolio_item-thumbnail_cinema":["https:\/\/jarforetum.com\/wp-content\/uploads\/2025\/12\/Capture-decran-2025-12-16-a-19.18.59-751x335.png",751,335,true],"portfolio_item-thumbnail_portrait":["https:\/\/jarforetum.com\/wp-content\/uploads\/2025\/12\/Capture-decran-2025-12-16-a-19.18.59-600x900.png",600,900,true],"portfolio_item-thumbnail_portrait@2x":["https:\/\/jarforetum.com\/wp-content\/uploads\/2025\/12\/Capture-decran-2025-12-16-a-19.18.59.png",751,992,false],"portfolio_item-thumbnail_square":["https:\/\/jarforetum.com\/wp-content\/uploads\/2025\/12\/Capture-decran-2025-12-16-a-19.18.59-751x800.png",751,800,true]},"_links":{"self":[{"href":"https:\/\/jarforetum.com\/Accueil\/wp-json\/wp\/v2\/pages\/1552","targetHints":{"allow":["GET"]}}],"collection":[{"href":"https:\/\/jarforetum.com\/Accueil\/wp-json\/wp\/v2\/pages"}],"about":[{"href":"https:\/\/jarforetum.com\/Accueil\/wp-json\/wp\/v2\/types\/page"}],"author":[{"embeddable":true,"href":"https:\/\/jarforetum.com\/Accueil\/wp-json\/wp\/v2\/users\/1"}],"replies":[{"embeddable":true,"href":"https:\/\/jarforetum.com\/Accueil\/wp-json\/wp\/v2\/comments?post=1552"}],"version-history":[{"count":5,"href":"https:\/\/jarforetum.com\/Accueil\/wp-json\/wp\/v2\/pages\/1552\/revisions"}],"predecessor-version":[{"id":2283,"href":"https:\/\/jarforetum.com\/Accueil\/wp-json\/wp\/v2\/pages\/1552\/revisions\/2283"}],"up":[{"embeddable":true,"href":"https:\/\/jarforetum.com\/Accueil\/wp-json\/wp\/v2\/pages\/76"}],"wp:featuredmedia":[{"embeddable":true,"href":"https:\/\/jarforetum.com\/Accueil\/wp-json\/wp\/v2\/media\/2122"}],"wp:attachment":[{"href":"https:\/\/jarforetum.com\/Accueil\/wp-json\/wp\/v2\/media?parent=1552"}],"curies":[{"name":"wp","href":"https:\/\/api.w.org\/{rel}","templated":true}]}}