{"id":1977,"date":"2023-11-20T17:44:33","date_gmt":"2023-11-20T16:44:33","guid":{"rendered":"https:\/\/www.frenchtruc.com\/?page_id=1977"},"modified":"2026-01-05T14:41:39","modified_gmt":"2026-01-05T13:41:39","slug":"media-instagram-youtube","status":"publish","type":"page","link":"https:\/\/jarforetum.com\/Accueil\/media-instagram-youtube\/","title":{"rendered":"Media"},"content":{"rendered":"\n<figure class=\"wp-block-embed is-type-video is-provider-youtube wp-block-embed-youtube wp-embed-aspect-16-9 wp-has-aspect-ratio\"><div class=\"wp-block-embed__wrapper\">\n<iframe loading=\"lazy\" title=\"Jarforetum le Film 2023 - Jardin-for\u00eat\" width=\"500\" height=\"281\" src=\"https:\/\/www.youtube.com\/embed\/vvJUIur7Q2Q?feature=oembed\" frameborder=\"0\" allow=\"accelerometer; autoplay; clipboard-write; encrypted-media; gyroscope; picture-in-picture; web-share\" referrerpolicy=\"strict-origin-when-cross-origin\" allowfullscreen><\/iframe>\n<\/div><\/figure>\n\n\n\n<p><\/p>\n\n\n\n<p>Le travail de Jarforetum, comme pr\u00e9sent\u00e9 sur Instagram et autres plateformes se d\u00e9finit par une approche \u00e0 la fois esth\u00e9tique, \u00e9ducative et exp\u00e9rimentale des Jardins-For\u00eats. C&rsquo;est une culture permanente, une permaculture.<\/p>\n\n\n\n<p>Voici comment on peut d\u00e9crire son activit\u00e9 :<\/p>\n\n\n\n<h3 class=\"wp-block-heading\">1. Une vitrine de l&rsquo;\u00e9cosyst\u00e8me \u00ab\u00a0Jardin-For\u00eat\u00a0\u00bb<\/h3>\n\n\n\n<p>Le compte illustre le concept de paysage comestible \u00e0 travers deux sites distincts :<\/p>\n\n\n\n<ul class=\"wp-block-list\">\n<li><strong>Jarforetum pertica :<\/strong>\u00a0Un jardin paysan situ\u00e9 dans le\u00a0<strong>Perche-Ornais (Normandie)<\/strong>. Les publications mettent en avant la progression de ces espaces, depuis le d\u00e9but et l&rsquo;\u00e9volution de la succession v\u00e9g\u00e9tale.<\/li>\n\n\n\n<li><strong>Jarforetum aequilina :<\/strong>\u00a0Un jardin urbain cultiv\u00e9 en for\u00eat situ\u00e9 dans les\u00a0<strong>Yvelines<\/strong>\u00a0(boucles de la Seine).<\/li>\n<\/ul>\n\n\n\n<h3 class=\"wp-block-heading\">2. \u00c9ducation et Partage de Savoir-faire<\/h3>\n\n\n\n<p>Le travail de Jarforetum ne se limite pas \u00e0 de belles images ; il a une forte dimension p\u00e9dagogique :<\/p>\n\n\n\n<ul class=\"wp-block-list\">\n<li><strong>Conseils de jardinage :<\/strong>\u00a0Partage de calendriers de semis, astuces sur les vari\u00e9t\u00e9s de fruits et l\u00e9gumes de saison, plantes sauvages comestibles, arbres \u00e0 coques et fruitiers.<\/li>\n\n\n\n<li><strong>Botanique et Nutrition :<\/strong>\u00a0Une branche appel\u00e9e \u00ab\u00a0Jarforetum Edulis\u00a0\u00bb explore le lien entre la botanique et l&rsquo;assiette (richesse nutritionnelle, saveurs).<\/li>\n\n\n\n<li><strong>Techniques de r\u00e9g\u00e9n\u00e9ration :<\/strong>\u00a0Mise en avant de la \u00ab\u00a0strat\u00e9gie organique\u00a0\u00bb (cr\u00e9ation de biomasse, humus, sol vivant).<\/li>\n<\/ul>\n\n\n\n<h3 class=\"wp-block-heading\">3. Engagement pour une \u00ab\u00a0g\u00e9n\u00e9ration plus verte\u00a0\u00bb<\/h3>\n\n\n\n<p>La devise du projet,\u00a0<em>\u00ab Sunt Plantae Silvestres Omnibus \u00bb<\/em>, et le slogan\u00a0historique <em>\u00ab Inspire The Green Generation \u00bb<\/em>\u00a0montrent une volont\u00e9 de sensibiliser \u00e0 l&rsquo;autonomie alimentaire et \u00e0 la biodiversit\u00e9. Le compte sert de lien avec une communaut\u00e9 qui peut soutenir le projet via des plateformes comme Tipeee.<\/p>\n\n\n\n<h3 class=\"wp-block-heading\">4. Esth\u00e9tique et Photographie<\/h3>\n\n\n\n<p>La photographie semble occuper une place centrale. B\u00e9n\u00e9dicte et Sylvain utilisent l&rsquo;image pour documenter la beaut\u00e9 de la nature sauvage et jardin\u00e9e, transformant le jardinage en une exp\u00e9rience visuelle inspirante, c&rsquo;est \u00e7a Jarforetum.<\/p>\n\n\n\n<p><strong>En r\u00e9sum\u00e9<\/strong>, le compte Instagram de Jarforetum est le journal de bord de deux \u00ab\u00a0Sylvaniers\u00a0\u00bb qui documentent la cr\u00e9ation de for\u00eats-jardins pour prouver qu&rsquo;un mode de vie durable et autonome est possible, tant en milieu urbain qu&rsquo;en milieu rural.<\/p>\n","protected":false},"excerpt":{"rendered":"<p>Le travail de Jarforetum, comme pr\u00e9sent\u00e9 sur Instagram et autres plateformes se d\u00e9finit par une approche \u00e0 la fois esth\u00e9tique, \u00e9ducative et exp\u00e9rimentale des Jardins-For\u00eats. C&rsquo;est une culture permanente, une permaculture. Voici comment on peut d\u00e9crire son activit\u00e9 : 1. Une vitrine de l&rsquo;\u00e9cosyst\u00e8me \u00ab\u00a0Jardin-For\u00eat\u00a0\u00bb Le compte illustre le concept de paysage comestible \u00e0 travers [&hellip;]<\/p>\n","protected":false},"author":1,"featured_media":2137,"parent":0,"menu_order":0,"comment_status":"closed","ping_status":"closed","template":"modele-jarfo-2","meta":{"footnotes":""},"class_list":["post-1977","page","type-page","status-publish","has-post-thumbnail","hentry"],"yoast_head":"<!-- This site is optimized with the Yoast SEO plugin v27.1.1 - https:\/\/yoast.com\/product\/yoast-seo-wordpress\/ -->\n<title>Media - Jarforetum<\/title>\n<meta name=\"description\" content=\"Depuis plusieurs ann\u00e9es nous mettons en pratique les concepts des jardins-for\u00eats comestibles de climat temp\u00e9r\u00e9 en Normandie, dans le Perche et les Yvelines.\" \/>\n<meta name=\"robots\" content=\"index, follow, max-snippet:-1, max-image-preview:large, max-video-preview:-1\" \/>\n<link rel=\"canonical\" href=\"https:\/\/jarforetum.com\/Accueil\/media-instagram-youtube\/\" \/>\n<meta property=\"og:locale\" content=\"fr_FR\" \/>\n<meta property=\"og:type\" content=\"article\" \/>\n<meta property=\"og:title\" content=\"Jarforetum\" \/>\n<meta property=\"og:description\" content=\"Depuis plusieurs ann\u00e9es nous mettons en pratique les concepts des jardins-for\u00eats comestibles de climat temp\u00e9r\u00e9 en Normandie, dans le Perche et dans les Yvelines. Suivez-nous: @jarforetum\" \/>\n<meta property=\"og:url\" content=\"https:\/\/jarforetum.com\/Accueil\/media-instagram-youtube\/\" \/>\n<meta property=\"og:site_name\" content=\"Jarforetum\" \/>\n<meta property=\"article:publisher\" content=\"https:\/\/www.facebook.com\/share\/1CDBWqzXhP\/?mibextid=wwXIfr\" \/>\n<meta property=\"article:modified_time\" content=\"2026-01-05T13:41:39+00:00\" \/>\n<meta property=\"og:image\" content=\"https:\/\/jarforetum.com\/wp-content\/uploads\/2025\/12\/IMG_3531.jpeg\" \/>\n\t<meta property=\"og:image:width\" content=\"1170\" \/>\n\t<meta property=\"og:image:height\" content=\"1176\" \/>\n\t<meta property=\"og:image:type\" content=\"image\/jpeg\" \/>\n<meta name=\"twitter:card\" content=\"summary_large_image\" \/>\n<meta name=\"twitter:label1\" content=\"Dur\u00e9e de lecture estim\u00e9e\" \/>\n\t<meta name=\"twitter:data1\" content=\"2 minutes\" \/>\n<script type=\"application\/ld+json\" class=\"yoast-schema-graph\">{\"@context\":\"https:\/\/schema.org\",\"@graph\":[{\"@type\":\"WebPage\",\"@id\":\"https:\/\/jarforetum.com\/Accueil\/media-instagram-youtube\/\",\"url\":\"https:\/\/jarforetum.com\/Accueil\/media-instagram-youtube\/\",\"name\":\"Media - Jarforetum\",\"isPartOf\":{\"@id\":\"https:\/\/jarforetum.com\/Accueil\/#website\"},\"primaryImageOfPage\":{\"@id\":\"https:\/\/jarforetum.com\/Accueil\/media-instagram-youtube\/#primaryimage\"},\"image\":{\"@id\":\"https:\/\/jarforetum.com\/Accueil\/media-instagram-youtube\/#primaryimage\"},\"thumbnailUrl\":\"https:\/\/jarforetum.com\/wp-content\/uploads\/2025\/12\/Capture-decran-2025-12-16-a-19.10.57.png\",\"datePublished\":\"2023-11-20T16:44:33+00:00\",\"dateModified\":\"2026-01-05T13:41:39+00:00\",\"description\":\"Depuis plusieurs ann\u00e9es nous mettons en pratique les concepts des jardins-for\u00eats comestibles de climat temp\u00e9r\u00e9 en Normandie, dans le Perche et les Yvelines.\",\"breadcrumb\":{\"@id\":\"https:\/\/jarforetum.com\/Accueil\/media-instagram-youtube\/#breadcrumb\"},\"inLanguage\":\"fr-FR\",\"potentialAction\":[{\"@type\":\"ReadAction\",\"target\":[\"https:\/\/jarforetum.com\/Accueil\/media-instagram-youtube\/\"]}]},{\"@type\":\"ImageObject\",\"inLanguage\":\"fr-FR\",\"@id\":\"https:\/\/jarforetum.com\/Accueil\/media-instagram-youtube\/#primaryimage\",\"url\":\"https:\/\/jarforetum.com\/wp-content\/uploads\/2025\/12\/Capture-decran-2025-12-16-a-19.10.57.png\",\"contentUrl\":\"https:\/\/jarforetum.com\/wp-content\/uploads\/2025\/12\/Capture-decran-2025-12-16-a-19.10.57.png\",\"width\":977,\"height\":930},{\"@type\":\"BreadcrumbList\",\"@id\":\"https:\/\/jarforetum.com\/Accueil\/media-instagram-youtube\/#breadcrumb\",\"itemListElement\":[{\"@type\":\"ListItem\",\"position\":1,\"name\":\"Accueil\",\"item\":\"https:\/\/jarforetum.com\/Accueil\/\"},{\"@type\":\"ListItem\",\"position\":2,\"name\":\"Media\"}]},{\"@type\":\"WebSite\",\"@id\":\"https:\/\/jarforetum.com\/Accueil\/#website\",\"url\":\"https:\/\/jarforetum.com\/Accueil\/\",\"name\":\"Jarforetum\",\"description\":\"Sunt Plantae Silvestres Omnibus\",\"publisher\":{\"@id\":\"https:\/\/jarforetum.com\/Accueil\/#organization\"},\"alternateName\":\"UFG\",\"potentialAction\":[{\"@type\":\"SearchAction\",\"target\":{\"@type\":\"EntryPoint\",\"urlTemplate\":\"https:\/\/jarforetum.com\/Accueil\/?s={search_term_string}\"},\"query-input\":{\"@type\":\"PropertyValueSpecification\",\"valueRequired\":true,\"valueName\":\"search_term_string\"}}],\"inLanguage\":\"fr-FR\"},{\"@type\":\"Organization\",\"@id\":\"https:\/\/jarforetum.com\/Accueil\/#organization\",\"name\":\"Jarforetum\",\"url\":\"https:\/\/jarforetum.com\/Accueil\/\",\"logo\":{\"@type\":\"ImageObject\",\"inLanguage\":\"fr-FR\",\"@id\":\"https:\/\/jarforetum.com\/Accueil\/#\/schema\/logo\/image\/\",\"url\":\"https:\/\/jarforetum.com\/wp-content\/uploads\/2025\/12\/IMG_3531.jpeg\",\"contentUrl\":\"https:\/\/jarforetum.com\/wp-content\/uploads\/2025\/12\/IMG_3531.jpeg\",\"width\":1170,\"height\":1176,\"caption\":\"Jarforetum\"},\"image\":{\"@id\":\"https:\/\/jarforetum.com\/Accueil\/#\/schema\/logo\/image\/\"},\"sameAs\":[\"https:\/\/www.facebook.com\/share\/1CDBWqzXhP\/?mibextid=wwXIfr\",\"https:\/\/www.instagram.com\/jarforetum?igsh=cjNjN3ozdnU2a3c1&utm_source=qr\",\"https:\/\/youtube.com\/@jarforetum?si=zpGdRhhAcLoRZvvR\"]}]}<\/script>\n<!-- \/ Yoast SEO plugin. -->","yoast_head_json":{"title":"Media - Jarforetum","description":"Depuis plusieurs ann\u00e9es nous mettons en pratique les concepts des jardins-for\u00eats comestibles de climat temp\u00e9r\u00e9 en Normandie, dans le Perche et les Yvelines.","robots":{"index":"index","follow":"follow","max-snippet":"max-snippet:-1","max-image-preview":"max-image-preview:large","max-video-preview":"max-video-preview:-1"},"canonical":"https:\/\/jarforetum.com\/Accueil\/media-instagram-youtube\/","og_locale":"fr_FR","og_type":"article","og_title":"Jarforetum","og_description":"Depuis plusieurs ann\u00e9es nous mettons en pratique les concepts des jardins-for\u00eats comestibles de climat temp\u00e9r\u00e9 en Normandie, dans le Perche et dans les Yvelines. Suivez-nous: @jarforetum","og_url":"https:\/\/jarforetum.com\/Accueil\/media-instagram-youtube\/","og_site_name":"Jarforetum","article_publisher":"https:\/\/www.facebook.com\/share\/1CDBWqzXhP\/?mibextid=wwXIfr","article_modified_time":"2026-01-05T13:41:39+00:00","og_image":[{"width":1170,"height":1176,"url":"https:\/\/jarforetum.com\/wp-content\/uploads\/2025\/12\/IMG_3531.jpeg","type":"image\/jpeg"}],"twitter_card":"summary_large_image","twitter_misc":{"Dur\u00e9e de lecture estim\u00e9e":"2 minutes"},"schema":{"@context":"https:\/\/schema.org","@graph":[{"@type":"WebPage","@id":"https:\/\/jarforetum.com\/Accueil\/media-instagram-youtube\/","url":"https:\/\/jarforetum.com\/Accueil\/media-instagram-youtube\/","name":"Media - Jarforetum","isPartOf":{"@id":"https:\/\/jarforetum.com\/Accueil\/#website"},"primaryImageOfPage":{"@id":"https:\/\/jarforetum.com\/Accueil\/media-instagram-youtube\/#primaryimage"},"image":{"@id":"https:\/\/jarforetum.com\/Accueil\/media-instagram-youtube\/#primaryimage"},"thumbnailUrl":"https:\/\/jarforetum.com\/wp-content\/uploads\/2025\/12\/Capture-decran-2025-12-16-a-19.10.57.png","datePublished":"2023-11-20T16:44:33+00:00","dateModified":"2026-01-05T13:41:39+00:00","description":"Depuis plusieurs ann\u00e9es nous mettons en pratique les concepts des jardins-for\u00eats comestibles de climat temp\u00e9r\u00e9 en Normandie, dans le Perche et les Yvelines.","breadcrumb":{"@id":"https:\/\/jarforetum.com\/Accueil\/media-instagram-youtube\/#breadcrumb"},"inLanguage":"fr-FR","potentialAction":[{"@type":"ReadAction","target":["https:\/\/jarforetum.com\/Accueil\/media-instagram-youtube\/"]}]},{"@type":"ImageObject","inLanguage":"fr-FR","@id":"https:\/\/jarforetum.com\/Accueil\/media-instagram-youtube\/#primaryimage","url":"https:\/\/jarforetum.com\/wp-content\/uploads\/2025\/12\/Capture-decran-2025-12-16-a-19.10.57.png","contentUrl":"https:\/\/jarforetum.com\/wp-content\/uploads\/2025\/12\/Capture-decran-2025-12-16-a-19.10.57.png","width":977,"height":930},{"@type":"BreadcrumbList","@id":"https:\/\/jarforetum.com\/Accueil\/media-instagram-youtube\/#breadcrumb","itemListElement":[{"@type":"ListItem","position":1,"name":"Accueil","item":"https:\/\/jarforetum.com\/Accueil\/"},{"@type":"ListItem","position":2,"name":"Media"}]},{"@type":"WebSite","@id":"https:\/\/jarforetum.com\/Accueil\/#website","url":"https:\/\/jarforetum.com\/Accueil\/","name":"Jarforetum","description":"Sunt Plantae Silvestres Omnibus","publisher":{"@id":"https:\/\/jarforetum.com\/Accueil\/#organization"},"alternateName":"UFG","potentialAction":[{"@type":"SearchAction","target":{"@type":"EntryPoint","urlTemplate":"https:\/\/jarforetum.com\/Accueil\/?s={search_term_string}"},"query-input":{"@type":"PropertyValueSpecification","valueRequired":true,"valueName":"search_term_string"}}],"inLanguage":"fr-FR"},{"@type":"Organization","@id":"https:\/\/jarforetum.com\/Accueil\/#organization","name":"Jarforetum","url":"https:\/\/jarforetum.com\/Accueil\/","logo":{"@type":"ImageObject","inLanguage":"fr-FR","@id":"https:\/\/jarforetum.com\/Accueil\/#\/schema\/logo\/image\/","url":"https:\/\/jarforetum.com\/wp-content\/uploads\/2025\/12\/IMG_3531.jpeg","contentUrl":"https:\/\/jarforetum.com\/wp-content\/uploads\/2025\/12\/IMG_3531.jpeg","width":1170,"height":1176,"caption":"Jarforetum"},"image":{"@id":"https:\/\/jarforetum.com\/Accueil\/#\/schema\/logo\/image\/"},"sameAs":["https:\/\/www.facebook.com\/share\/1CDBWqzXhP\/?mibextid=wwXIfr","https:\/\/www.instagram.com\/jarforetum?igsh=cjNjN3ozdnU2a3c1&utm_source=qr","https:\/\/youtube.com\/@jarforetum?si=zpGdRhhAcLoRZvvR"]}]}},"featured_media_urls":{"thumbnail":["https:\/\/jarforetum.com\/wp-content\/uploads\/2025\/12\/Capture-decran-2025-12-16-a-19.10.57-150x150.png",150,150,true],"medium":["https:\/\/jarforetum.com\/wp-content\/uploads\/2025\/12\/Capture-decran-2025-12-16-a-19.10.57-300x286.png",300,286,true],"medium_large":["https:\/\/jarforetum.com\/wp-content\/uploads\/2025\/12\/Capture-decran-2025-12-16-a-19.10.57-768x731.png",768,731,true],"large":["https:\/\/jarforetum.com\/wp-content\/uploads\/2025\/12\/Capture-decran-2025-12-16-a-19.10.57.png",977,930,false],"1536x1536":["https:\/\/jarforetum.com\/wp-content\/uploads\/2025\/12\/Capture-decran-2025-12-16-a-19.10.57.png",977,930,false],"2048x2048":["https:\/\/jarforetum.com\/wp-content\/uploads\/2025\/12\/Capture-decran-2025-12-16-a-19.10.57.png",977,930,false],"portfolio_item-thumbnail":["https:\/\/jarforetum.com\/wp-content\/uploads\/2025\/12\/Capture-decran-2025-12-16-a-19.10.57-600x400.png",600,400,true],"portfolio_item-thumbnail@2x":["https:\/\/jarforetum.com\/wp-content\/uploads\/2025\/12\/Capture-decran-2025-12-16-a-19.10.57-977x800.png",977,800,true],"portfolio_item-masonry":["https:\/\/jarforetum.com\/wp-content\/uploads\/2025\/12\/Capture-decran-2025-12-16-a-19.10.57-600x571.png",600,571,true],"portfolio_item-masonry@2x":["https:\/\/jarforetum.com\/wp-content\/uploads\/2025\/12\/Capture-decran-2025-12-16-a-19.10.57.png",977,930,false],"portfolio_item-thumbnail_cinema":["https:\/\/jarforetum.com\/wp-content\/uploads\/2025\/12\/Capture-decran-2025-12-16-a-19.10.57-800x335.png",800,335,true],"portfolio_item-thumbnail_portrait":["https:\/\/jarforetum.com\/wp-content\/uploads\/2025\/12\/Capture-decran-2025-12-16-a-19.10.57-600x900.png",600,900,true],"portfolio_item-thumbnail_portrait@2x":["https:\/\/jarforetum.com\/wp-content\/uploads\/2025\/12\/Capture-decran-2025-12-16-a-19.10.57.png",977,930,false],"portfolio_item-thumbnail_square":["https:\/\/jarforetum.com\/wp-content\/uploads\/2025\/12\/Capture-decran-2025-12-16-a-19.10.57-800x800.png",800,800,true]},"_links":{"self":[{"href":"https:\/\/jarforetum.com\/Accueil\/wp-json\/wp\/v2\/pages\/1977","targetHints":{"allow":["GET"]}}],"collection":[{"href":"https:\/\/jarforetum.com\/Accueil\/wp-json\/wp\/v2\/pages"}],"about":[{"href":"https:\/\/jarforetum.com\/Accueil\/wp-json\/wp\/v2\/types\/page"}],"author":[{"embeddable":true,"href":"https:\/\/jarforetum.com\/Accueil\/wp-json\/wp\/v2\/users\/1"}],"replies":[{"embeddable":true,"href":"https:\/\/jarforetum.com\/Accueil\/wp-json\/wp\/v2\/comments?post=1977"}],"version-history":[{"count":4,"href":"https:\/\/jarforetum.com\/Accueil\/wp-json\/wp\/v2\/pages\/1977\/revisions"}],"predecessor-version":[{"id":2478,"href":"https:\/\/jarforetum.com\/Accueil\/wp-json\/wp\/v2\/pages\/1977\/revisions\/2478"}],"wp:featuredmedia":[{"embeddable":true,"href":"https:\/\/jarforetum.com\/Accueil\/wp-json\/wp\/v2\/media\/2137"}],"wp:attachment":[{"href":"https:\/\/jarforetum.com\/Accueil\/wp-json\/wp\/v2\/media?parent=1977"}],"curies":[{"name":"wp","href":"https:\/\/api.w.org\/{rel}","templated":true}]}}