{"id":2173,"date":"2017-12-05T09:43:00","date_gmt":"2017-12-05T08:43:00","guid":{"rendered":"https:\/\/jarforetum.com\/Accueil\/?page_id=2173"},"modified":"2026-01-12T20:03:57","modified_gmt":"2026-01-12T19:03:57","slug":"jarforetum-sylva-aequilina","status":"publish","type":"page","link":"https:\/\/jarforetum.com\/Accueil\/jarforetum-sylva-aequilina\/","title":{"rendered":"Jarforetum aequilina"},"content":{"rendered":"\n<hr class=\"wp-block-separator has-alpha-channel-opacity\"\/>\n\n\n\n<h1 class=\"wp-block-heading\">Jarforetum aequilina : La renaissance d&rsquo;un jardin urbain au c\u0153ur des Yvelines<\/h1>\n\n\n\n<p>Au sein du d\u00e9partement des Yvelines (78), un projet innovant de biodiversit\u00e9 urbaine \u00e0 vu le jour : <strong>Jarforetum aequilina<\/strong>. Bien plus qu&rsquo;un simple jardin de maison de ville, ce jardin urbain conduit en jardin-for\u00eat se veut un hommage vivant \u00e0 l&rsquo;histoire m\u00eame de son territoire.<\/p>\n\n\n\n<h3 class=\"wp-block-heading\">1. Une \u00e9tymologie aux sources du d\u00e9partement<\/h3>\n\n\n\n<p>Le nom <strong>Jarforetum aequilina<\/strong> n&rsquo;a pas \u00e9t\u00e9 choisi au hasard. Il puise sa force dans les racines latines qui ont donn\u00e9 naissance au nom les \u00ab\u00a0Yvelines\u00a0\u00bb :<\/p>\n\n\n\n<ul class=\"wp-block-list\">\n<li><strong>Jarforetum :<\/strong> c&rsquo;est un nom imagin\u00e9 et d\u00e9pos\u00e9 par ses cr\u00e9ateurs dans la lign\u00e9e des noms que les botanistes donnent aux plantes depuis le XIII si\u00e8cle. Nous avons cr\u00e9\u00e9 le genre Jarforetum \ud83d\ude42<\/li>\n\n\n\n<li><strong>Aequilina :<\/strong> issu du latin <em>Sylva aequilina<\/em>, signifiait litt\u00e9ralement <strong>\u00ab for\u00eat gorg\u00e9e d&rsquo;eau \u00bb<\/strong>. Aequilina est le terme qui, au fil des si\u00e8cles, s\u2019est transform\u00e9 de \u00ab\u00a0aqua\u00a0\u00bb \u00e0 \u00ab\u00a0eve\u00a0\u00bb puis en \u00ab\u00a0ive\u00a0\u00bb pour devenir <strong>Yveline<\/strong>. La partie des Yvelines sur laquelle le jardin pousse, \u00e9tait pr\u00e9c\u00e9demment  appel\u00e9e la Seine-et-Oise, cela rappelle la pr\u00e9sence de l&rsquo;eau. Sur le mod\u00e8le de la nomenclature botanique, Jarforetum est le genre et aequilina l&rsquo;\u00e9pith\u00e8te correspondant \u00e0 \u00ab\u00a0Yvelines\u00a0\u00bb.  Dans la m\u00eame id\u00e9e, Jarforetum pertica est l&rsquo;esp\u00e8ce de Jardin-foret du Perche, pertica \u00e9tant l&rsquo;\u00e9pith\u00e8te qui fait r\u00e9f\u00e9rence au perche dans le genre Jarforetum ! Vous me suivez ?<\/li>\n<\/ul>\n\n\n\n<p>En adoptant ce nom, le projet s&rsquo;inscrit dans la continuit\u00e9 de l&rsquo;ancienne for\u00eat qui couvrait jadis la r\u00e9gion et dont Rambouillet est aujourd&rsquo;hui le vestige le plus c\u00e9l\u00e8bre. Vous pouvez lire les articles du <a href=\"https:\/\/www.sdis78.fr\/le-sdis-78\/un-territoire-une-histoire\/creation-du-departement-des-yvelines#:~:text=%C3%89tymologie%20du%20nom%20%22Les%20Yvelines%22&amp;text=Un%20nom%20qui%20vient%20du,suite%20%C3%A9crit%20avec%20un%20y.\" target=\"_blank\" rel=\"noreferrer noopener nofollow\">SDIS<\/a>78 et <a href=\"https:\/\/yveline.org\/les-rivieres-dyveline\/\" target=\"_blank\" rel=\"noreferrer noopener nofollow\">M. <strong>Rouet<\/strong> et son site \u00a0\u00bb Le Pays d&rsquo;Yveline \u00ab\u00a0<\/a>, au sujet de l&rsquo;origine du nom: Les Yvelines et de nombreuses autres informations int\u00e9ressantes sur le d\u00e9partement 78.<\/p>\n\n\n\n<h3 class=\"wp-block-heading\"> 2. Le concept : Une oasis de fra\u00eecheur en ville<\/h3>\n\n\n\n<p><em>Jarforetum aequilina<\/em> est con\u00e7u sur le mod\u00e8le de la <strong>permaculture<\/strong> et de la <strong>for\u00eat-jardin<\/strong>. L&rsquo;objectif est de recr\u00e9er un \u00e9cosyst\u00e8me multi-\u00e9tag\u00e9 capable de nous rendre des services \u00e9cologiques majeurs :<\/p>\n\n\n\n<ul class=\"wp-block-list\">\n<li><strong>R\u00e9gulation thermique :<\/strong> Gr\u00e2ce \u00e0 l&rsquo;\u00e9vapotranspiration et l&rsquo;ombrage, le jardin-for\u00eat lutte contre les \u00eelots de chaleur urbains.<\/li>\n\n\n\n<li><strong>Gestion de l&rsquo;eau :<\/strong> Fid\u00e8le \u00e0 son nom \u00ab\u00a0aequilina\u00a0\u00bb, le site est pens\u00e9 pour maximiser l&rsquo;infiltration des eaux de pluie et \u00e9viter l&rsquo;\u00e9vaporation, car contrairement \u00e0 ce que l&rsquo;on pourrait penser \u00e0 travers son nom, le jardin est tr\u00e8s sec car le sol est sableux. Sous le sol, le calcaire du bassin parisien absorbe tr\u00e8s rapidement les eaux de pluie, notre travail est donc de recr\u00e9er du sol pour am\u00e9liorer l&rsquo;effet \u00e9ponge !<\/li>\n\n\n\n<li><strong>Biodiversit\u00e9 :<\/strong> En multipliant les strates (arbres de canop\u00e9e, arbustes, plantes couvre-sol, etc.), il offre un refuge pr\u00e9cieux pour la faune locale.<\/li>\n<\/ul>\n\n\n\n<h3 class=\"wp-block-heading\">3. Entre histoire et futur<\/h3>\n\n\n\n<p>Le projet rappelle que les Yvelines sont, par essence, une terre de sources et de rivi\u00e8res. En cr\u00e9ant cette for\u00eat-jardin en zone urbaine, <em>Jarforetum aequilina<\/em> fait \u00e9cho \u00e0 la vision du po\u00e8te <a href=\"https:\/\/fr.wikipedia.org\/wiki\/Jehan_Despert\" target=\"_blank\" rel=\"noreferrer noopener nofollow\">Jehan Despert<\/a> qui, en 1968, proposait un nom mettant \u00e0 l&rsquo;honneur ce d\u00e9partement travers\u00e9 par l&rsquo;eau et en souffla l&rsquo;id\u00e9e au pr\u00e9sident du conseil g\u00e9n\u00e9ral de Seine-et-Oise apr\u00e8s le <a href=\"https:\/\/www.editions-delcourt.fr\/bd\/album-champs-de-bataille\" target=\"_blank\" rel=\"noreferrer noopener nofollow\">remembrement<\/a>.<\/p>\n\n\n\n<p>A travers ce projet de for\u00eat comestible urbaine, le jardin devient un lieu d&rsquo;apprentissage.  Nos anc\u00eatres appelaient cette terre la <em>Sylva aequilina<\/em> mais aujourd&rsquo;hui il faut allez jusqu&rsquo;\u00e0 la Seine pour y trouver de l&rsquo;eau, en ce frayant un chemin dans l&rsquo;agglom\u00e9ration. Le terrain est en centre ville et l&rsquo;espace y est tr\u00e8s restreint. Ce jardin est donc class\u00e9 dans la cat\u00e9gorie des jardins-for\u00eats de petite surface, plut\u00f4t s\u00e8che.<\/p>\n\n\n\n<hr class=\"wp-block-separator has-alpha-channel-opacity\"\/>\n\n\n\n<div style=\"height:100px\" aria-hidden=\"true\" class=\"wp-block-spacer\"><\/div>\n\n\n\n<h2 class=\"wp-block-heading\">Jarforetum aequilina, une mini for\u00eat-jardin<\/h2>\n\n\n\n<p>C\u2019est le mod\u00e8le \u00ab petit et intens\u00e9ment soign\u00e9 \u00bb, comme le dit La ferme du Bec Hellouin.<\/p>\n\n\n\n<p> En plein centre ville, difficile d&rsquo;implanter des grands arbres de la strate canop\u00e9e (ch\u00e2taignier, noyer, fruitiers haute-tige et autres grands arbres pouvant atteindre en France 60 m\u00e8tres de haut !). Il faut voir plus petit ou faire avec les anciens de ce monde que nos pr\u00e9d\u00e9cesseurs ont plant\u00e9s. On peut parfois choisir des arbres un peu plus modestes et les consid\u00e9rer comme \u00e9tant la canop\u00e9e sup\u00e9rieure (pommier, prunier, cerisier) ou certains autres tels que les fr\u00eanes, h\u00eatres, charmes, \u00e9rables, ch\u00eanes, conif\u00e8res, etc. <\/p>\n\n\n\n<p>Chez Jarforetum aequilina nous avons choisi un mixe dans cette approche, int\u00e9grant les arbres matures des terrains adjacents, les consid\u00e9rant comme faisant partie du design. On y trouvera par exemple, le charme du terrain d&rsquo;\u00e0 c\u00f4t\u00e9 et son noisetier mature, ainsi que le tilleul voisin, les alth\u00e9a, les lauriers nobles matures, le noyer mature, le n\u00e9flier du japon, le figuier, les oliviers des voisins, etc. Consid\u00e9rons que les \u00e9changes biologiques (mycologique, v\u00e9g\u00e9tal et animal) ne s&rsquo;arr\u00eatent pas \u00e0 notre parcelle cadastrale.<\/p>\n\n\n\n<p>Une strate arbor\u00e9e basse (petits arbres) se d\u00e9cline \u00e9galement sur le terrain avec des amandiers, noisetiers, sureau, rosier, prunellier, fruitiers basse tiges en tout genre (p\u00eacher, pommiers, poirier, abricotier, pruniers, figuier, arbousier, argousier, jujubier, plaqueminier, laurier noble, grenadier, les agrumes (sous abri), etc&#8230;) qui peuvent parfois s&rsquo;\u00e9taler sur pr\u00eat de 8 m\u00e8tres de large (pour un noisetier, par exemple). Heureusement, les p\u00e9pini\u00e8res regorgent d&rsquo;essences plus petites et nous maintenons la taille de certain de mani\u00e8re plus raisonnable pour eux et pour nous.<br>Juste en dessous on trouve la strate arbustive (arbustes fruitiers et petits fruits) avec groseillier, m\u00fbrier, framboisier, cognassier, pommier et poirier nains ou en palmettes, chaenomeles, etc. <\/p>\n\n\n\n<p>Nous marchons sur la strate herbac\u00e9e et les couvres-sols (l\u00e9gumes cultiv\u00e9s, plantes sauvages et comestibles et autres plantes vivaces). On identifiera chez Jarforetum aequilina, rhubarbe, oseille, \u00e9pinard, liv\u00e8che, pissenlit, benoite urbaine, pari\u00e9taire, violette odorante, vergerette, porcelle, p\u00e2querette, orties, monnaie du pape, cardamine, pimprenelle, thym, romarin, lavande, alliaire, lierre terrestre, ail des vignes, plantains, laiterons, gaillet grateron, menthes, fraises, myrtes, \u00e9gopode, etc. D&rsquo;autres encore pourraient \u00eatre cit\u00e9s ici, mais elles demandent plus de connaissance avant d&rsquo;\u00eatre utilis\u00e9es de quelques mani\u00e8re que ce soit, par exemple, la tanaisie, la carotte sauvage, le lierre grimpant, etc. Sous le sol, la rhizosph\u00e8re (l\u00e9gumes-racines et tubercules), ail\/poireau vivaces, h\u00e9lianthus, topinambour,  scorson\u00e8re, etc.. et enfin pour casser les rythmes et envahir tout \u00e7a, nous avons les verticales (plantes grimpantes), kiwi, vigne, ak\u00e9bie, glycines, etc.<br><\/p>\n\n\n\n<h2 class=\"wp-block-heading\">Le design et les v\u00e9g\u00e9taux<\/h2>\n\n\n\n<p><br>C&rsquo;est le jardin de notre habitation, il fallait qu&rsquo;il r\u00e9ponde \u00e0 plusieurs crit\u00e8res:<\/p>\n\n\n\n<ul class=\"wp-block-list\">\n<li>Etre nourissier !!!<\/li>\n\n\n\n<li>Nous laisser de la place pour lire et bronzer sur les chaises longues<\/li>\n\n\n\n<li>Avoir des espaces ensoleill\u00e9s et ombrag\u00e9s<\/li>\n\n\n\n<li>Ne pas ennuyer nos voisins ni la ville<\/li>\n\n\n\n<li>Etre un refuge pour la faune locale et migratoire<\/li>\n<\/ul>\n\n\n\n<p>Le dessin est trac\u00e9 sur les espaces existants, limit\u00e9s. La surface jardin\u00e9e ne d\u00e9passe pas 150 m\u00e8tres carr\u00e9 environs. La jardin est entour\u00e9 de maisons et ses chemins sont bas\u00e9s sur nos d\u00e9placements naturels. Ces derniers facilitent le travail manuel, fauchage de petite surface, tonte, \u00e9lagage, ajout de nouvelles plantes, etc.<br>Nous pouvons y acc\u00e9der de 3 mani\u00e8res diff\u00e9rentes depuis la maison, par la cave, par la cuisine et par le garage et il donne sur la rue.<br>Les voisins consid\u00e8rent ce jardin comme dense et foisonnant\u2026 <\/p>\n\n\n\n<h3 class=\"wp-block-heading\">Conclusion<\/h3>\n\n\n\n<p><strong>Jarforetum aequilina<\/strong> est une sentinelle verte qui nous rappelle que l&rsquo;avenir des villes dans les Yvelines, comme ailleurs dans le monde, passera par la red\u00e9couverte de leur nature. Un lieu o\u00f9 l&rsquo;eau et l&rsquo;arbre se retrouvent pour offrir un cadre de vie durable et po\u00e9tique \u00e0 ses habitants.<\/p>\n\n\n\n<p>Cette page a \u00e9t\u00e9 mise \u00e0 jour en Janvier 2026.<\/p>\n\n\n\n<p><\/p>\n\n\n\n<p><\/p>\n","protected":false},"excerpt":{"rendered":"<p>Jarforetum aequilina : La renaissance d&rsquo;un jardin urbain au c\u0153ur des Yvelines Au sein du d\u00e9partement des Yvelines (78), un projet innovant de biodiversit\u00e9 urbaine \u00e0 vu le jour : Jarforetum aequilina. Bien plus qu&rsquo;un simple jardin de maison de ville, ce jardin urbain conduit en jardin-for\u00eat se veut un hommage vivant \u00e0 l&rsquo;histoire m\u00eame [&hellip;]<\/p>\n","protected":false},"author":1,"featured_media":2129,"parent":0,"menu_order":0,"comment_status":"closed","ping_status":"closed","template":"modele-jarfo-2","meta":{"footnotes":""},"class_list":["post-2173","page","type-page","status-publish","has-post-thumbnail","hentry"],"yoast_head":"<!-- This site is optimized with the Yoast SEO plugin v27.1.1 - https:\/\/yoast.com\/product\/yoast-seo-wordpress\/ -->\n<title>Jarforetum aequilina - Jarforetum<\/title>\n<meta name=\"description\" content=\"D\u00e9couvrez Jarforetum aequilina, la foret jardin de coeur de ville des Yvelines o\u00f9 poussent toutes sortes de plantes et d&#039;arbres nourrisiers\" \/>\n<meta name=\"robots\" content=\"index, follow, max-snippet:-1, max-image-preview:large, max-video-preview:-1\" \/>\n<link rel=\"canonical\" href=\"https:\/\/jarforetum.com\/Accueil\/jarforetum-sylva-aequilina\/\" \/>\n<meta property=\"og:locale\" content=\"fr_FR\" \/>\n<meta property=\"og:type\" content=\"article\" \/>\n<meta property=\"og:title\" content=\"Jarforetum aequilina - Jarforetum\" \/>\n<meta property=\"og:description\" content=\"D\u00e9couvrez Jarforetum aequilina, la foret jardin de coeur de ville des Yvelines o\u00f9 poussent toutes sortes de plantes et d&#039;arbres nourrisiers\" \/>\n<meta property=\"og:url\" content=\"https:\/\/jarforetum.com\/Accueil\/jarforetum-sylva-aequilina\/\" \/>\n<meta property=\"og:site_name\" content=\"Jarforetum\" \/>\n<meta property=\"article:publisher\" content=\"https:\/\/www.facebook.com\/share\/1CDBWqzXhP\/?mibextid=wwXIfr\" \/>\n<meta property=\"article:modified_time\" content=\"2026-01-12T19:03:57+00:00\" \/>\n<meta property=\"og:image\" content=\"https:\/\/jarforetum.com\/wp-content\/uploads\/2025\/12\/Capture-decran-2025-12-16-a-19.16.07.png\" \/>\n\t<meta property=\"og:image:width\" content=\"752\" \/>\n\t<meta property=\"og:image:height\" content=\"961\" \/>\n\t<meta property=\"og:image:type\" content=\"image\/png\" \/>\n<meta name=\"twitter:card\" content=\"summary_large_image\" \/>\n<meta name=\"twitter:label1\" content=\"Dur\u00e9e de lecture estim\u00e9e\" \/>\n\t<meta name=\"twitter:data1\" content=\"7 minutes\" \/>\n<script type=\"application\/ld+json\" class=\"yoast-schema-graph\">{\"@context\":\"https:\/\/schema.org\",\"@graph\":[{\"@type\":\"WebPage\",\"@id\":\"https:\/\/jarforetum.com\/Accueil\/jarforetum-sylva-aequilina\/\",\"url\":\"https:\/\/jarforetum.com\/Accueil\/jarforetum-sylva-aequilina\/\",\"name\":\"Jarforetum aequilina - Jarforetum\",\"isPartOf\":{\"@id\":\"https:\/\/jarforetum.com\/Accueil\/#website\"},\"primaryImageOfPage\":{\"@id\":\"https:\/\/jarforetum.com\/Accueil\/jarforetum-sylva-aequilina\/#primaryimage\"},\"image\":{\"@id\":\"https:\/\/jarforetum.com\/Accueil\/jarforetum-sylva-aequilina\/#primaryimage\"},\"thumbnailUrl\":\"https:\/\/jarforetum.com\/wp-content\/uploads\/2025\/12\/Capture-decran-2025-12-16-a-19.16.07.png\",\"datePublished\":\"2017-12-05T08:43:00+00:00\",\"dateModified\":\"2026-01-12T19:03:57+00:00\",\"description\":\"D\u00e9couvrez Jarforetum aequilina, la foret jardin de coeur de ville des Yvelines o\u00f9 poussent toutes sortes de plantes et d'arbres nourrisiers\",\"breadcrumb\":{\"@id\":\"https:\/\/jarforetum.com\/Accueil\/jarforetum-sylva-aequilina\/#breadcrumb\"},\"inLanguage\":\"fr-FR\",\"potentialAction\":[{\"@type\":\"ReadAction\",\"target\":[\"https:\/\/jarforetum.com\/Accueil\/jarforetum-sylva-aequilina\/\"]}]},{\"@type\":\"ImageObject\",\"inLanguage\":\"fr-FR\",\"@id\":\"https:\/\/jarforetum.com\/Accueil\/jarforetum-sylva-aequilina\/#primaryimage\",\"url\":\"https:\/\/jarforetum.com\/wp-content\/uploads\/2025\/12\/Capture-decran-2025-12-16-a-19.16.07.png\",\"contentUrl\":\"https:\/\/jarforetum.com\/wp-content\/uploads\/2025\/12\/Capture-decran-2025-12-16-a-19.16.07.png\",\"width\":752,\"height\":961},{\"@type\":\"BreadcrumbList\",\"@id\":\"https:\/\/jarforetum.com\/Accueil\/jarforetum-sylva-aequilina\/#breadcrumb\",\"itemListElement\":[{\"@type\":\"ListItem\",\"position\":1,\"name\":\"Accueil\",\"item\":\"https:\/\/jarforetum.com\/Accueil\/\"},{\"@type\":\"ListItem\",\"position\":2,\"name\":\"Jarforetum aequilina\"}]},{\"@type\":\"WebSite\",\"@id\":\"https:\/\/jarforetum.com\/Accueil\/#website\",\"url\":\"https:\/\/jarforetum.com\/Accueil\/\",\"name\":\"Jarforetum\",\"description\":\"Sunt Plantae Silvestres Omnibus\",\"publisher\":{\"@id\":\"https:\/\/jarforetum.com\/Accueil\/#organization\"},\"alternateName\":\"UFG\",\"potentialAction\":[{\"@type\":\"SearchAction\",\"target\":{\"@type\":\"EntryPoint\",\"urlTemplate\":\"https:\/\/jarforetum.com\/Accueil\/?s={search_term_string}\"},\"query-input\":{\"@type\":\"PropertyValueSpecification\",\"valueRequired\":true,\"valueName\":\"search_term_string\"}}],\"inLanguage\":\"fr-FR\"},{\"@type\":\"Organization\",\"@id\":\"https:\/\/jarforetum.com\/Accueil\/#organization\",\"name\":\"Jarforetum\",\"url\":\"https:\/\/jarforetum.com\/Accueil\/\",\"logo\":{\"@type\":\"ImageObject\",\"inLanguage\":\"fr-FR\",\"@id\":\"https:\/\/jarforetum.com\/Accueil\/#\/schema\/logo\/image\/\",\"url\":\"https:\/\/jarforetum.com\/wp-content\/uploads\/2025\/12\/IMG_3531.jpeg\",\"contentUrl\":\"https:\/\/jarforetum.com\/wp-content\/uploads\/2025\/12\/IMG_3531.jpeg\",\"width\":1170,\"height\":1176,\"caption\":\"Jarforetum\"},\"image\":{\"@id\":\"https:\/\/jarforetum.com\/Accueil\/#\/schema\/logo\/image\/\"},\"sameAs\":[\"https:\/\/www.facebook.com\/share\/1CDBWqzXhP\/?mibextid=wwXIfr\",\"https:\/\/www.instagram.com\/jarforetum?igsh=cjNjN3ozdnU2a3c1&utm_source=qr\",\"https:\/\/youtube.com\/@jarforetum?si=zpGdRhhAcLoRZvvR\"]}]}<\/script>\n<!-- \/ Yoast SEO plugin. -->","yoast_head_json":{"title":"Jarforetum aequilina - Jarforetum","description":"D\u00e9couvrez Jarforetum aequilina, la foret jardin de coeur de ville des Yvelines o\u00f9 poussent toutes sortes de plantes et d'arbres nourrisiers","robots":{"index":"index","follow":"follow","max-snippet":"max-snippet:-1","max-image-preview":"max-image-preview:large","max-video-preview":"max-video-preview:-1"},"canonical":"https:\/\/jarforetum.com\/Accueil\/jarforetum-sylva-aequilina\/","og_locale":"fr_FR","og_type":"article","og_title":"Jarforetum aequilina - Jarforetum","og_description":"D\u00e9couvrez Jarforetum aequilina, la foret jardin de coeur de ville des Yvelines o\u00f9 poussent toutes sortes de plantes et d'arbres nourrisiers","og_url":"https:\/\/jarforetum.com\/Accueil\/jarforetum-sylva-aequilina\/","og_site_name":"Jarforetum","article_publisher":"https:\/\/www.facebook.com\/share\/1CDBWqzXhP\/?mibextid=wwXIfr","article_modified_time":"2026-01-12T19:03:57+00:00","og_image":[{"width":752,"height":961,"url":"https:\/\/jarforetum.com\/wp-content\/uploads\/2025\/12\/Capture-decran-2025-12-16-a-19.16.07.png","type":"image\/png"}],"twitter_card":"summary_large_image","twitter_misc":{"Dur\u00e9e de lecture estim\u00e9e":"7 minutes"},"schema":{"@context":"https:\/\/schema.org","@graph":[{"@type":"WebPage","@id":"https:\/\/jarforetum.com\/Accueil\/jarforetum-sylva-aequilina\/","url":"https:\/\/jarforetum.com\/Accueil\/jarforetum-sylva-aequilina\/","name":"Jarforetum aequilina - Jarforetum","isPartOf":{"@id":"https:\/\/jarforetum.com\/Accueil\/#website"},"primaryImageOfPage":{"@id":"https:\/\/jarforetum.com\/Accueil\/jarforetum-sylva-aequilina\/#primaryimage"},"image":{"@id":"https:\/\/jarforetum.com\/Accueil\/jarforetum-sylva-aequilina\/#primaryimage"},"thumbnailUrl":"https:\/\/jarforetum.com\/wp-content\/uploads\/2025\/12\/Capture-decran-2025-12-16-a-19.16.07.png","datePublished":"2017-12-05T08:43:00+00:00","dateModified":"2026-01-12T19:03:57+00:00","description":"D\u00e9couvrez Jarforetum aequilina, la foret jardin de coeur de ville des Yvelines o\u00f9 poussent toutes sortes de plantes et d'arbres nourrisiers","breadcrumb":{"@id":"https:\/\/jarforetum.com\/Accueil\/jarforetum-sylva-aequilina\/#breadcrumb"},"inLanguage":"fr-FR","potentialAction":[{"@type":"ReadAction","target":["https:\/\/jarforetum.com\/Accueil\/jarforetum-sylva-aequilina\/"]}]},{"@type":"ImageObject","inLanguage":"fr-FR","@id":"https:\/\/jarforetum.com\/Accueil\/jarforetum-sylva-aequilina\/#primaryimage","url":"https:\/\/jarforetum.com\/wp-content\/uploads\/2025\/12\/Capture-decran-2025-12-16-a-19.16.07.png","contentUrl":"https:\/\/jarforetum.com\/wp-content\/uploads\/2025\/12\/Capture-decran-2025-12-16-a-19.16.07.png","width":752,"height":961},{"@type":"BreadcrumbList","@id":"https:\/\/jarforetum.com\/Accueil\/jarforetum-sylva-aequilina\/#breadcrumb","itemListElement":[{"@type":"ListItem","position":1,"name":"Accueil","item":"https:\/\/jarforetum.com\/Accueil\/"},{"@type":"ListItem","position":2,"name":"Jarforetum aequilina"}]},{"@type":"WebSite","@id":"https:\/\/jarforetum.com\/Accueil\/#website","url":"https:\/\/jarforetum.com\/Accueil\/","name":"Jarforetum","description":"Sunt Plantae Silvestres Omnibus","publisher":{"@id":"https:\/\/jarforetum.com\/Accueil\/#organization"},"alternateName":"UFG","potentialAction":[{"@type":"SearchAction","target":{"@type":"EntryPoint","urlTemplate":"https:\/\/jarforetum.com\/Accueil\/?s={search_term_string}"},"query-input":{"@type":"PropertyValueSpecification","valueRequired":true,"valueName":"search_term_string"}}],"inLanguage":"fr-FR"},{"@type":"Organization","@id":"https:\/\/jarforetum.com\/Accueil\/#organization","name":"Jarforetum","url":"https:\/\/jarforetum.com\/Accueil\/","logo":{"@type":"ImageObject","inLanguage":"fr-FR","@id":"https:\/\/jarforetum.com\/Accueil\/#\/schema\/logo\/image\/","url":"https:\/\/jarforetum.com\/wp-content\/uploads\/2025\/12\/IMG_3531.jpeg","contentUrl":"https:\/\/jarforetum.com\/wp-content\/uploads\/2025\/12\/IMG_3531.jpeg","width":1170,"height":1176,"caption":"Jarforetum"},"image":{"@id":"https:\/\/jarforetum.com\/Accueil\/#\/schema\/logo\/image\/"},"sameAs":["https:\/\/www.facebook.com\/share\/1CDBWqzXhP\/?mibextid=wwXIfr","https:\/\/www.instagram.com\/jarforetum?igsh=cjNjN3ozdnU2a3c1&utm_source=qr","https:\/\/youtube.com\/@jarforetum?si=zpGdRhhAcLoRZvvR"]}]}},"featured_media_urls":{"thumbnail":["https:\/\/jarforetum.com\/wp-content\/uploads\/2025\/12\/Capture-decran-2025-12-16-a-19.16.07-150x150.png",150,150,true],"medium":["https:\/\/jarforetum.com\/wp-content\/uploads\/2025\/12\/Capture-decran-2025-12-16-a-19.16.07-235x300.png",235,300,true],"medium_large":["https:\/\/jarforetum.com\/wp-content\/uploads\/2025\/12\/Capture-decran-2025-12-16-a-19.16.07.png",752,961,false],"large":["https:\/\/jarforetum.com\/wp-content\/uploads\/2025\/12\/Capture-decran-2025-12-16-a-19.16.07.png",752,961,false],"1536x1536":["https:\/\/jarforetum.com\/wp-content\/uploads\/2025\/12\/Capture-decran-2025-12-16-a-19.16.07.png",752,961,false],"2048x2048":["https:\/\/jarforetum.com\/wp-content\/uploads\/2025\/12\/Capture-decran-2025-12-16-a-19.16.07.png",752,961,false],"portfolio_item-thumbnail":["https:\/\/jarforetum.com\/wp-content\/uploads\/2025\/12\/Capture-decran-2025-12-16-a-19.16.07-600x400.png",600,400,true],"portfolio_item-thumbnail@2x":["https:\/\/jarforetum.com\/wp-content\/uploads\/2025\/12\/Capture-decran-2025-12-16-a-19.16.07-752x800.png",752,800,true],"portfolio_item-masonry":["https:\/\/jarforetum.com\/wp-content\/uploads\/2025\/12\/Capture-decran-2025-12-16-a-19.16.07-600x767.png",600,767,true],"portfolio_item-masonry@2x":["https:\/\/jarforetum.com\/wp-content\/uploads\/2025\/12\/Capture-decran-2025-12-16-a-19.16.07.png",752,961,false],"portfolio_item-thumbnail_cinema":["https:\/\/jarforetum.com\/wp-content\/uploads\/2025\/12\/Capture-decran-2025-12-16-a-19.16.07-752x335.png",752,335,true],"portfolio_item-thumbnail_portrait":["https:\/\/jarforetum.com\/wp-content\/uploads\/2025\/12\/Capture-decran-2025-12-16-a-19.16.07-600x900.png",600,900,true],"portfolio_item-thumbnail_portrait@2x":["https:\/\/jarforetum.com\/wp-content\/uploads\/2025\/12\/Capture-decran-2025-12-16-a-19.16.07.png",752,961,false],"portfolio_item-thumbnail_square":["https:\/\/jarforetum.com\/wp-content\/uploads\/2025\/12\/Capture-decran-2025-12-16-a-19.16.07-752x800.png",752,800,true]},"_links":{"self":[{"href":"https:\/\/jarforetum.com\/Accueil\/wp-json\/wp\/v2\/pages\/2173","targetHints":{"allow":["GET"]}}],"collection":[{"href":"https:\/\/jarforetum.com\/Accueil\/wp-json\/wp\/v2\/pages"}],"about":[{"href":"https:\/\/jarforetum.com\/Accueil\/wp-json\/wp\/v2\/types\/page"}],"author":[{"embeddable":true,"href":"https:\/\/jarforetum.com\/Accueil\/wp-json\/wp\/v2\/users\/1"}],"replies":[{"embeddable":true,"href":"https:\/\/jarforetum.com\/Accueil\/wp-json\/wp\/v2\/comments?post=2173"}],"version-history":[{"count":59,"href":"https:\/\/jarforetum.com\/Accueil\/wp-json\/wp\/v2\/pages\/2173\/revisions"}],"predecessor-version":[{"id":2642,"href":"https:\/\/jarforetum.com\/Accueil\/wp-json\/wp\/v2\/pages\/2173\/revisions\/2642"}],"wp:featuredmedia":[{"embeddable":true,"href":"https:\/\/jarforetum.com\/Accueil\/wp-json\/wp\/v2\/media\/2129"}],"wp:attachment":[{"href":"https:\/\/jarforetum.com\/Accueil\/wp-json\/wp\/v2\/media?parent=2173"}],"curies":[{"name":"wp","href":"https:\/\/api.w.org\/{rel}","templated":true}]}}