{"id":28,"date":"2019-09-02T23:10:27","date_gmt":"2019-09-02T21:10:27","guid":{"rendered":"http:\/\/www.frenchtruc.com\/?page_id=28"},"modified":"2026-01-05T15:11:09","modified_gmt":"2026-01-05T14:11:09","slug":"la-boussole-du-jardinier","status":"publish","type":"page","link":"https:\/\/jarforetum.com\/Accueil\/la-boussole-du-jardinier\/","title":{"rendered":"La Boussole du Jardinier"},"content":{"rendered":"\n<p><a href=\"https:\/\/www.laboussoledujardinier.com\">https:\/\/www.laboussoledujardinier.com<\/a> ou <a href=\"http:\/\/www.boussole.app\/\">boussole.app<\/a><\/p>\n\n\n\n<h2 class=\"wp-block-heading\">La boussole du Jardinier est \u00ab&nbsp;Boussole.app&nbsp;\u00bb<\/h2>\n\n\n\n<p><strong>Boussole.app : L&rsquo;outil intelligent pour choisir ses plantes et am\u00e9nager son jardin<\/strong><\/p>\n\n\n\n<h4 class=\"wp-block-heading\">Une app Jarforetum<\/h4>\n\n\n\n<p class=\"has-drop-cap\">Avec <a href=\"http:\/\/www.boussole.app\/\">boussole.app<\/a>, choisissez le meilleur endroit pour placer vos plantes et listez les plantes qui prendront vie dans vos espaces urbains: <em>balcon, terrasse, loggia, jardin, champs, toit terrasse, jardin vertical, parking<\/em>, etc. Cette app va vous simplifier la vie !<\/p>\n\n\n\n<p>Deux mani\u00e8res intuitives de chercher !&nbsp;<\/p>\n\n\n\n<ul class=\"wp-block-list\">\n<li>Choisissez dans le menu, en haut de l\u2019\u00e9cran, votre espace urbain \u00e0 v\u00e9g\u00e9taliser et laissez-vous orienter jusqu\u2019\u00e0 votre liste de plantes;<\/li>\n\n\n\n<li>S\u00e9lectionnez le champ de recherche \u00ab&nbsp;<strong>Search<\/strong>&nbsp;\u00bb pr\u00e9sent, soit dans le menu sur mobile, soit sur chaque page (en haut \u00e0 droite ?) et entrez le nom de votre plante pr\u00e9f\u00e9r\u00e9e dans le champ \u00e0 la loupe. Exemple: Thym, et d\u00e9couvrez rapidement les endroits o\u00f9 placer votre pied de Thym.<\/li>\n<\/ul>\n\n\n\n<p><strong>Avec <a href=\"http:\/\/www.boussole.app\/\">Boussole.app<\/a>, Jarforetum s\u2019engage dans la rev\u00e9g\u00e9talisation des espaces urbains ! Sa premi\u00e8re version, est en ligne. Du v\u00e9g\u00e9tal pour remettre \u00e0 port\u00e9e de bouche des aliments sains, simplement, pour le plaisir de tous, au quotidien, dans nos villes !&nbsp;<\/strong><\/p>\n\n\n\n<p>Vive le jardinage et vive la v\u00e9g\u00e9talisation ! \ud83d\ude42<\/p>\n\n\n\n<p>Jarforetum \u2013&nbsp;<a href=\"http:\/\/www.urbanfrenchgarden.com\/\">www.jarforetum.com<\/a><\/p>\n\n\n\n<p>Boussole.app:&nbsp;<a href=\"http:\/\/www.boussole.app\/\">www.boussole.app<\/a><\/p>\n\n\n\n<p><a href=\"https:\/\/www.instagram.com\/urban_french_garden\/\">https:\/\/www.instagram.com\/jarforetum<\/a><\/p>\n\n\n\n<p>Vous pouvez aussi nous trouver sur Facebook, on \u00e0 une page que vous pouvez trouver en recherchant <a href=\"https:\/\/www.facebook.com\/UrbanFrenchGarden\/?ref=aymt_homepage_panel&amp;eid=ARCrDkXpesZzrWjvIYuT-pmcIjZM9je9tmRcNjhK5JHwDUZjnKu2ysQl_Xf8BVob-IdRX71FOIGBU36i#\">@jarforetum<\/a>. Nous g\u00e9rons en plus, un groupe: <a href=\"https:\/\/www.facebook.com\/groups\/385086035710462\/\">https:\/\/www.facebook.com\/groups\/385086035710462\/<\/a> nomm\u00e9 \u00ab\u00a0<a href=\"https:\/\/www.facebook.com\/groups\/385086035710462\/\">Jardins Urbains<\/a>\u00ab\u00a0, un page <a href=\"https:\/\/www.pinterest.fr\/UrbanFrenchGarden\/_community\/\">Pinterest<\/a> et un compte <a href=\"https:\/\/twitter.com\/urban_fr_garden\">Twitter<\/a>   et un compte <a href=\"https:\/\/www.youtube.com\/channel\/UCkCHcVDGTPFy3usw8GeC5ig?view_as=subscriber\">Youtube<\/a> <\/p>\n","protected":false},"excerpt":{"rendered":"<p>https:\/\/www.laboussoledujardinier.com ou boussole.app La boussole du Jardinier est \u00ab&nbsp;Boussole.app&nbsp;\u00bb Boussole.app : L&rsquo;outil intelligent pour choisir ses plantes et am\u00e9nager son jardin Une app Jarforetum Avec boussole.app, choisissez le meilleur endroit pour placer vos plantes et listez les plantes qui prendront vie dans vos espaces urbains: balcon, terrasse, loggia, jardin, champs, toit terrasse, jardin vertical, parking, [&hellip;]<\/p>\n","protected":false},"author":1,"featured_media":2126,"parent":0,"menu_order":5,"comment_status":"closed","ping_status":"closed","template":"modele-jarfo-2","meta":{"footnotes":""},"class_list":["post-28","page","type-page","status-publish","has-post-thumbnail","hentry"],"yoast_head":"<!-- This site is optimized with the Yoast SEO plugin v27.1.1 - https:\/\/yoast.com\/product\/yoast-seo-wordpress\/ -->\n<title>La Boussole du Jardinier - Jarforetum<\/title>\n<meta name=\"description\" content=\"Une app Jarforetum. Avec Boussole.app, choisissez le meilleur endroit pour placer vos plantes et listez les plantes qui prendront vie dans vos espaces jardin\u00e9s: for\u00eat, balcon, terrasse, loggia, jardin, champs, toit terrasse, jardin vertical, parking, etc. Cette app va vous simplifier la vie ! Elle est construite comme un outil d\u2019aide \u00e0 la d\u00e9cision.\" \/>\n<meta name=\"robots\" content=\"index, follow, max-snippet:-1, max-image-preview:large, max-video-preview:-1\" \/>\n<link rel=\"canonical\" href=\"https:\/\/jarforetum.com\/Accueil\/la-boussole-du-jardinier\/\" \/>\n<meta property=\"og:locale\" content=\"fr_FR\" \/>\n<meta property=\"og:type\" content=\"article\" \/>\n<meta property=\"og:title\" content=\"La Boussole du Jardinier - Jarforetum\" \/>\n<meta property=\"og:description\" content=\"Une app Jarforetum. Avec Boussole.app, choisissez le meilleur endroit pour placer vos plantes et listez les plantes qui prendront vie dans vos espaces jardin\u00e9s: for\u00eat, balcon, terrasse, loggia, jardin, champs, toit terrasse, jardin vertical, parking, etc. Cette app va vous simplifier la vie ! Elle est construite comme un outil d\u2019aide \u00e0 la d\u00e9cision.\" \/>\n<meta property=\"og:url\" content=\"https:\/\/jarforetum.com\/Accueil\/la-boussole-du-jardinier\/\" \/>\n<meta property=\"og:site_name\" content=\"Jarforetum\" \/>\n<meta property=\"article:publisher\" content=\"https:\/\/www.facebook.com\/share\/1CDBWqzXhP\/?mibextid=wwXIfr\" \/>\n<meta property=\"article:modified_time\" content=\"2026-01-05T14:11:09+00:00\" \/>\n<meta property=\"og:image\" content=\"https:\/\/jarforetum.com\/wp-content\/uploads\/2025\/12\/Capture-decran-2025-12-16-a-19.17.25.png\" \/>\n\t<meta property=\"og:image:width\" content=\"751\" \/>\n\t<meta property=\"og:image:height\" content=\"992\" \/>\n\t<meta property=\"og:image:type\" content=\"image\/png\" \/>\n<meta name=\"twitter:card\" content=\"summary_large_image\" \/>\n<meta name=\"twitter:label1\" content=\"Dur\u00e9e de lecture estim\u00e9e\" \/>\n\t<meta name=\"twitter:data1\" content=\"2 minutes\" \/>\n<script type=\"application\/ld+json\" class=\"yoast-schema-graph\">{\"@context\":\"https:\/\/schema.org\",\"@graph\":[{\"@type\":\"WebPage\",\"@id\":\"https:\/\/jarforetum.com\/Accueil\/la-boussole-du-jardinier\/\",\"url\":\"https:\/\/jarforetum.com\/Accueil\/la-boussole-du-jardinier\/\",\"name\":\"La Boussole du Jardinier - Jarforetum\",\"isPartOf\":{\"@id\":\"https:\/\/jarforetum.com\/Accueil\/#website\"},\"primaryImageOfPage\":{\"@id\":\"https:\/\/jarforetum.com\/Accueil\/la-boussole-du-jardinier\/#primaryimage\"},\"image\":{\"@id\":\"https:\/\/jarforetum.com\/Accueil\/la-boussole-du-jardinier\/#primaryimage\"},\"thumbnailUrl\":\"https:\/\/jarforetum.com\/wp-content\/uploads\/2025\/12\/Capture-decran-2025-12-16-a-19.17.25.png\",\"datePublished\":\"2019-09-02T21:10:27+00:00\",\"dateModified\":\"2026-01-05T14:11:09+00:00\",\"description\":\"Une app Jarforetum. Avec Boussole.app, choisissez le meilleur endroit pour placer vos plantes et listez les plantes qui prendront vie dans vos espaces jardin\u00e9s: for\u00eat, balcon, terrasse, loggia, jardin, champs, toit terrasse, jardin vertical, parking, etc. Cette app va vous simplifier la vie ! Elle est construite comme un outil d\u2019aide \u00e0 la d\u00e9cision.\",\"breadcrumb\":{\"@id\":\"https:\/\/jarforetum.com\/Accueil\/la-boussole-du-jardinier\/#breadcrumb\"},\"inLanguage\":\"fr-FR\",\"potentialAction\":[{\"@type\":\"ReadAction\",\"target\":[\"https:\/\/jarforetum.com\/Accueil\/la-boussole-du-jardinier\/\"]}]},{\"@type\":\"ImageObject\",\"inLanguage\":\"fr-FR\",\"@id\":\"https:\/\/jarforetum.com\/Accueil\/la-boussole-du-jardinier\/#primaryimage\",\"url\":\"https:\/\/jarforetum.com\/wp-content\/uploads\/2025\/12\/Capture-decran-2025-12-16-a-19.17.25.png\",\"contentUrl\":\"https:\/\/jarforetum.com\/wp-content\/uploads\/2025\/12\/Capture-decran-2025-12-16-a-19.17.25.png\",\"width\":751,\"height\":992},{\"@type\":\"BreadcrumbList\",\"@id\":\"https:\/\/jarforetum.com\/Accueil\/la-boussole-du-jardinier\/#breadcrumb\",\"itemListElement\":[{\"@type\":\"ListItem\",\"position\":1,\"name\":\"Accueil\",\"item\":\"https:\/\/jarforetum.com\/Accueil\/\"},{\"@type\":\"ListItem\",\"position\":2,\"name\":\"La Boussole du Jardinier\"}]},{\"@type\":\"WebSite\",\"@id\":\"https:\/\/jarforetum.com\/Accueil\/#website\",\"url\":\"https:\/\/jarforetum.com\/Accueil\/\",\"name\":\"Jarforetum\",\"description\":\"Sunt Plantae Silvestres Omnibus\",\"publisher\":{\"@id\":\"https:\/\/jarforetum.com\/Accueil\/#organization\"},\"alternateName\":\"UFG\",\"potentialAction\":[{\"@type\":\"SearchAction\",\"target\":{\"@type\":\"EntryPoint\",\"urlTemplate\":\"https:\/\/jarforetum.com\/Accueil\/?s={search_term_string}\"},\"query-input\":{\"@type\":\"PropertyValueSpecification\",\"valueRequired\":true,\"valueName\":\"search_term_string\"}}],\"inLanguage\":\"fr-FR\"},{\"@type\":\"Organization\",\"@id\":\"https:\/\/jarforetum.com\/Accueil\/#organization\",\"name\":\"Jarforetum\",\"url\":\"https:\/\/jarforetum.com\/Accueil\/\",\"logo\":{\"@type\":\"ImageObject\",\"inLanguage\":\"fr-FR\",\"@id\":\"https:\/\/jarforetum.com\/Accueil\/#\/schema\/logo\/image\/\",\"url\":\"https:\/\/jarforetum.com\/wp-content\/uploads\/2025\/12\/IMG_3531.jpeg\",\"contentUrl\":\"https:\/\/jarforetum.com\/wp-content\/uploads\/2025\/12\/IMG_3531.jpeg\",\"width\":1170,\"height\":1176,\"caption\":\"Jarforetum\"},\"image\":{\"@id\":\"https:\/\/jarforetum.com\/Accueil\/#\/schema\/logo\/image\/\"},\"sameAs\":[\"https:\/\/www.facebook.com\/share\/1CDBWqzXhP\/?mibextid=wwXIfr\",\"https:\/\/www.instagram.com\/jarforetum?igsh=cjNjN3ozdnU2a3c1&utm_source=qr\",\"https:\/\/youtube.com\/@jarforetum?si=zpGdRhhAcLoRZvvR\"]}]}<\/script>\n<!-- \/ Yoast SEO plugin. -->","yoast_head_json":{"title":"La Boussole du Jardinier - Jarforetum","description":"Une app Jarforetum. Avec Boussole.app, choisissez le meilleur endroit pour placer vos plantes et listez les plantes qui prendront vie dans vos espaces jardin\u00e9s: for\u00eat, balcon, terrasse, loggia, jardin, champs, toit terrasse, jardin vertical, parking, etc. Cette app va vous simplifier la vie ! Elle est construite comme un outil d\u2019aide \u00e0 la d\u00e9cision.","robots":{"index":"index","follow":"follow","max-snippet":"max-snippet:-1","max-image-preview":"max-image-preview:large","max-video-preview":"max-video-preview:-1"},"canonical":"https:\/\/jarforetum.com\/Accueil\/la-boussole-du-jardinier\/","og_locale":"fr_FR","og_type":"article","og_title":"La Boussole du Jardinier - Jarforetum","og_description":"Une app Jarforetum. Avec Boussole.app, choisissez le meilleur endroit pour placer vos plantes et listez les plantes qui prendront vie dans vos espaces jardin\u00e9s: for\u00eat, balcon, terrasse, loggia, jardin, champs, toit terrasse, jardin vertical, parking, etc. Cette app va vous simplifier la vie ! Elle est construite comme un outil d\u2019aide \u00e0 la d\u00e9cision.","og_url":"https:\/\/jarforetum.com\/Accueil\/la-boussole-du-jardinier\/","og_site_name":"Jarforetum","article_publisher":"https:\/\/www.facebook.com\/share\/1CDBWqzXhP\/?mibextid=wwXIfr","article_modified_time":"2026-01-05T14:11:09+00:00","og_image":[{"width":751,"height":992,"url":"https:\/\/jarforetum.com\/wp-content\/uploads\/2025\/12\/Capture-decran-2025-12-16-a-19.17.25.png","type":"image\/png"}],"twitter_card":"summary_large_image","twitter_misc":{"Dur\u00e9e de lecture estim\u00e9e":"2 minutes"},"schema":{"@context":"https:\/\/schema.org","@graph":[{"@type":"WebPage","@id":"https:\/\/jarforetum.com\/Accueil\/la-boussole-du-jardinier\/","url":"https:\/\/jarforetum.com\/Accueil\/la-boussole-du-jardinier\/","name":"La Boussole du Jardinier - Jarforetum","isPartOf":{"@id":"https:\/\/jarforetum.com\/Accueil\/#website"},"primaryImageOfPage":{"@id":"https:\/\/jarforetum.com\/Accueil\/la-boussole-du-jardinier\/#primaryimage"},"image":{"@id":"https:\/\/jarforetum.com\/Accueil\/la-boussole-du-jardinier\/#primaryimage"},"thumbnailUrl":"https:\/\/jarforetum.com\/wp-content\/uploads\/2025\/12\/Capture-decran-2025-12-16-a-19.17.25.png","datePublished":"2019-09-02T21:10:27+00:00","dateModified":"2026-01-05T14:11:09+00:00","description":"Une app Jarforetum. Avec Boussole.app, choisissez le meilleur endroit pour placer vos plantes et listez les plantes qui prendront vie dans vos espaces jardin\u00e9s: for\u00eat, balcon, terrasse, loggia, jardin, champs, toit terrasse, jardin vertical, parking, etc. Cette app va vous simplifier la vie ! Elle est construite comme un outil d\u2019aide \u00e0 la d\u00e9cision.","breadcrumb":{"@id":"https:\/\/jarforetum.com\/Accueil\/la-boussole-du-jardinier\/#breadcrumb"},"inLanguage":"fr-FR","potentialAction":[{"@type":"ReadAction","target":["https:\/\/jarforetum.com\/Accueil\/la-boussole-du-jardinier\/"]}]},{"@type":"ImageObject","inLanguage":"fr-FR","@id":"https:\/\/jarforetum.com\/Accueil\/la-boussole-du-jardinier\/#primaryimage","url":"https:\/\/jarforetum.com\/wp-content\/uploads\/2025\/12\/Capture-decran-2025-12-16-a-19.17.25.png","contentUrl":"https:\/\/jarforetum.com\/wp-content\/uploads\/2025\/12\/Capture-decran-2025-12-16-a-19.17.25.png","width":751,"height":992},{"@type":"BreadcrumbList","@id":"https:\/\/jarforetum.com\/Accueil\/la-boussole-du-jardinier\/#breadcrumb","itemListElement":[{"@type":"ListItem","position":1,"name":"Accueil","item":"https:\/\/jarforetum.com\/Accueil\/"},{"@type":"ListItem","position":2,"name":"La Boussole du Jardinier"}]},{"@type":"WebSite","@id":"https:\/\/jarforetum.com\/Accueil\/#website","url":"https:\/\/jarforetum.com\/Accueil\/","name":"Jarforetum","description":"Sunt Plantae Silvestres Omnibus","publisher":{"@id":"https:\/\/jarforetum.com\/Accueil\/#organization"},"alternateName":"UFG","potentialAction":[{"@type":"SearchAction","target":{"@type":"EntryPoint","urlTemplate":"https:\/\/jarforetum.com\/Accueil\/?s={search_term_string}"},"query-input":{"@type":"PropertyValueSpecification","valueRequired":true,"valueName":"search_term_string"}}],"inLanguage":"fr-FR"},{"@type":"Organization","@id":"https:\/\/jarforetum.com\/Accueil\/#organization","name":"Jarforetum","url":"https:\/\/jarforetum.com\/Accueil\/","logo":{"@type":"ImageObject","inLanguage":"fr-FR","@id":"https:\/\/jarforetum.com\/Accueil\/#\/schema\/logo\/image\/","url":"https:\/\/jarforetum.com\/wp-content\/uploads\/2025\/12\/IMG_3531.jpeg","contentUrl":"https:\/\/jarforetum.com\/wp-content\/uploads\/2025\/12\/IMG_3531.jpeg","width":1170,"height":1176,"caption":"Jarforetum"},"image":{"@id":"https:\/\/jarforetum.com\/Accueil\/#\/schema\/logo\/image\/"},"sameAs":["https:\/\/www.facebook.com\/share\/1CDBWqzXhP\/?mibextid=wwXIfr","https:\/\/www.instagram.com\/jarforetum?igsh=cjNjN3ozdnU2a3c1&utm_source=qr","https:\/\/youtube.com\/@jarforetum?si=zpGdRhhAcLoRZvvR"]}]}},"featured_media_urls":{"thumbnail":["https:\/\/jarforetum.com\/wp-content\/uploads\/2025\/12\/Capture-decran-2025-12-16-a-19.17.25-150x150.png",150,150,true],"medium":["https:\/\/jarforetum.com\/wp-content\/uploads\/2025\/12\/Capture-decran-2025-12-16-a-19.17.25-227x300.png",227,300,true],"medium_large":["https:\/\/jarforetum.com\/wp-content\/uploads\/2025\/12\/Capture-decran-2025-12-16-a-19.17.25.png",751,992,false],"large":["https:\/\/jarforetum.com\/wp-content\/uploads\/2025\/12\/Capture-decran-2025-12-16-a-19.17.25.png",751,992,false],"1536x1536":["https:\/\/jarforetum.com\/wp-content\/uploads\/2025\/12\/Capture-decran-2025-12-16-a-19.17.25.png",751,992,false],"2048x2048":["https:\/\/jarforetum.com\/wp-content\/uploads\/2025\/12\/Capture-decran-2025-12-16-a-19.17.25.png",751,992,false],"portfolio_item-thumbnail":["https:\/\/jarforetum.com\/wp-content\/uploads\/2025\/12\/Capture-decran-2025-12-16-a-19.17.25-600x400.png",600,400,true],"portfolio_item-thumbnail@2x":["https:\/\/jarforetum.com\/wp-content\/uploads\/2025\/12\/Capture-decran-2025-12-16-a-19.17.25-751x800.png",751,800,true],"portfolio_item-masonry":["https:\/\/jarforetum.com\/wp-content\/uploads\/2025\/12\/Capture-decran-2025-12-16-a-19.17.25-600x793.png",600,793,true],"portfolio_item-masonry@2x":["https:\/\/jarforetum.com\/wp-content\/uploads\/2025\/12\/Capture-decran-2025-12-16-a-19.17.25.png",751,992,false],"portfolio_item-thumbnail_cinema":["https:\/\/jarforetum.com\/wp-content\/uploads\/2025\/12\/Capture-decran-2025-12-16-a-19.17.25-751x335.png",751,335,true],"portfolio_item-thumbnail_portrait":["https:\/\/jarforetum.com\/wp-content\/uploads\/2025\/12\/Capture-decran-2025-12-16-a-19.17.25-600x900.png",600,900,true],"portfolio_item-thumbnail_portrait@2x":["https:\/\/jarforetum.com\/wp-content\/uploads\/2025\/12\/Capture-decran-2025-12-16-a-19.17.25.png",751,992,false],"portfolio_item-thumbnail_square":["https:\/\/jarforetum.com\/wp-content\/uploads\/2025\/12\/Capture-decran-2025-12-16-a-19.17.25-751x800.png",751,800,true]},"_links":{"self":[{"href":"https:\/\/jarforetum.com\/Accueil\/wp-json\/wp\/v2\/pages\/28","targetHints":{"allow":["GET"]}}],"collection":[{"href":"https:\/\/jarforetum.com\/Accueil\/wp-json\/wp\/v2\/pages"}],"about":[{"href":"https:\/\/jarforetum.com\/Accueil\/wp-json\/wp\/v2\/types\/page"}],"author":[{"embeddable":true,"href":"https:\/\/jarforetum.com\/Accueil\/wp-json\/wp\/v2\/users\/1"}],"replies":[{"embeddable":true,"href":"https:\/\/jarforetum.com\/Accueil\/wp-json\/wp\/v2\/comments?post=28"}],"version-history":[{"count":5,"href":"https:\/\/jarforetum.com\/Accueil\/wp-json\/wp\/v2\/pages\/28\/revisions"}],"predecessor-version":[{"id":2483,"href":"https:\/\/jarforetum.com\/Accueil\/wp-json\/wp\/v2\/pages\/28\/revisions\/2483"}],"wp:featuredmedia":[{"embeddable":true,"href":"https:\/\/jarforetum.com\/Accueil\/wp-json\/wp\/v2\/media\/2126"}],"wp:attachment":[{"href":"https:\/\/jarforetum.com\/Accueil\/wp-json\/wp\/v2\/media?parent=28"}],"curies":[{"name":"wp","href":"https:\/\/api.w.org\/{rel}","templated":true}]}}